{"id":62,"date":"2024-12-30T12:39:29","date_gmt":"2024-12-30T12:39:29","guid":{"rendered":"https:\/\/melike-yagiz-baxant.net\/?page_id=62"},"modified":"2025-12-14T16:57:35","modified_gmt":"2025-12-14T16:57:35","slug":"home","status":"publish","type":"page","link":"https:\/\/melike-yagiz-baxant.net\/","title":{"rendered":"Melike Ya\u011f\u0131z Baxant"},"content":{"rendered":"\n<p><\/p>\n\n\n\n<div class=\"wp-block-columns is-layout-flex wp-container-core-columns-is-layout-9d6595d7 wp-block-columns-is-layout-flex\">\n<div class=\"wp-block-column neve-duotone is-layout-flow wp-block-column-is-layout-flow\" style=\"padding-right:var(--wp--preset--spacing--30);padding-left:var(--wp--preset--spacing--30)\"><div class=\"wp-block-image icon-style is-style-default wp-duotone-unset-1\">\n<figure class=\"aligncenter size-full is-resized has-custom-border\"><a href=\"https:\/\/melike-yagiz-baxant.net\/?page_id=166\"><img loading=\"lazy\" decoding=\"async\" width=\"414\" height=\"240\" src=\"https:\/\/melike-yagiz-baxant.net\/wp-content\/uploads\/2024\/12\/Design-ohne-Titel-23-1-e1735568264433.png\" alt=\"\" class=\"wp-image-100\" style=\"border-radius:0px;width:188px;height:auto\" title=\"\" srcset=\"https:\/\/melike-yagiz-baxant.net\/wp-content\/uploads\/2024\/12\/Design-ohne-Titel-23-1-e1735568264433.png 414w, https:\/\/melike-yagiz-baxant.net\/wp-content\/uploads\/2024\/12\/Design-ohne-Titel-23-1-e1735568264433-300x174.png 300w\" sizes=\"auto, (max-width: 414px) 100vw, 414px\" \/><\/a><\/figure>\n<\/div>\n\n\n<h3 class=\"wp-block-heading has-text-align-center has-neve-text-color-color has-text-color\">Film<\/h3>\n\n\n\n<p class=\"has-text-align-center\">Filmschaffen auf Deutsch und T\u00fcrkisch<\/p>\n\n\n\n<div style=\"height:20px\" aria-hidden=\"true\" class=\"wp-block-spacer\"><\/div>\n<\/div>\n\n\n\n<div class=\"wp-block-column is-layout-flow wp-block-column-is-layout-flow\" style=\"padding-right:var(--wp--preset--spacing--30);padding-left:var(--wp--preset--spacing--30)\"><div class=\"wp-block-image icon-style is-style-default\">\n<figure class=\"aligncenter size-full is-resized has-custom-border\"><a href=\"https:\/\/melike-yagiz-baxant.net\/?page_id=65\"><img loading=\"lazy\" decoding=\"async\" width=\"330\" height=\"232\" src=\"https:\/\/melike-yagiz-baxant.net\/wp-content\/uploads\/2024\/12\/Design-ohne-Titel-23-e1735568233637.png\" alt=\"\" class=\"wp-image-99\" style=\"border-radius:0px;width:159px;height:auto\" title=\"\" srcset=\"https:\/\/melike-yagiz-baxant.net\/wp-content\/uploads\/2024\/12\/Design-ohne-Titel-23-e1735568233637.png 330w, https:\/\/melike-yagiz-baxant.net\/wp-content\/uploads\/2024\/12\/Design-ohne-Titel-23-e1735568233637-300x211.png 300w\" sizes=\"auto, (max-width: 330px) 100vw, 330px\" \/><\/a><\/figure>\n<\/div>\n\n\n<h3 class=\"wp-block-heading has-text-align-center has-neve-text-color-color has-text-color\">Performance<\/h3>\n\n\n\n<p class=\"has-text-align-center\">Solo-Performance GL\u00dcCKSKIND<\/p>\n\n\n\n<div style=\"height:20px\" aria-hidden=\"true\" class=\"wp-block-spacer\"><\/div>\n<\/div>\n\n\n\n<div class=\"wp-block-column is-layout-flow wp-block-column-is-layout-flow\" style=\"padding-right:var(--wp--preset--spacing--30);padding-left:var(--wp--preset--spacing--30)\"><div class=\"wp-block-image icon-style is-style-default wp-duotone-unset-2\">\n<figure class=\"aligncenter size-full is-resized has-custom-border\"><a href=\"https:\/\/melike-yagiz-baxant.net\/?page_id=66\"><img loading=\"lazy\" decoding=\"async\" width=\"312\" height=\"328\" src=\"https:\/\/melike-yagiz-baxant.net\/wp-content\/uploads\/2024\/12\/Design-ohne-Titel-23-2-e1735568289731.png\" alt=\"\" class=\"wp-image-101\" style=\"border-radius:0px;width:109px;height:auto\" title=\"\" srcset=\"https:\/\/melike-yagiz-baxant.net\/wp-content\/uploads\/2024\/12\/Design-ohne-Titel-23-2-e1735568289731.png 312w, https:\/\/melike-yagiz-baxant.net\/wp-content\/uploads\/2024\/12\/Design-ohne-Titel-23-2-e1735568289731-285x300.png 285w\" sizes=\"auto, (max-width: 312px) 100vw, 312px\" \/><\/a><\/figure>\n<\/div>\n\n\n<h3 class=\"wp-block-heading has-text-align-center has-neve-text-color-color has-text-color\">Kunsttherapie<\/h3>\n\n\n\n<p class=\"has-text-align-center\">Aktuell: Gl\u00fcckskinder gesucht!<\/p>\n\n\n\n<div style=\"height:20px\" aria-hidden=\"true\" class=\"wp-block-spacer\"><\/div>\n<\/div>\n\n\n\n<div class=\"wp-block-column is-layout-flow wp-block-column-is-layout-flow\" style=\"padding-right:var(--wp--preset--spacing--30);padding-left:var(--wp--preset--spacing--30)\"><div class=\"wp-block-image icon-style is-style-default wp-duotone-unset-3\">\n<figure class=\"aligncenter size-full is-resized has-custom-border\"><a href=\"https:\/\/melike-yagiz-baxant.net\/?page_id=64\"><img loading=\"lazy\" decoding=\"async\" width=\"355\" height=\"360\" src=\"https:\/\/melike-yagiz-baxant.net\/wp-content\/uploads\/2024\/12\/Design-ohne-Titel-23-4-e1735568343935.png\" alt=\"\" class=\"wp-image-103\" style=\"border-radius:0px;width:115px;height:auto\" title=\"\" srcset=\"https:\/\/melike-yagiz-baxant.net\/wp-content\/uploads\/2024\/12\/Design-ohne-Titel-23-4-e1735568343935.png 355w, https:\/\/melike-yagiz-baxant.net\/wp-content\/uploads\/2024\/12\/Design-ohne-Titel-23-4-e1735568343935-296x300.png 296w\" sizes=\"auto, (max-width: 355px) 100vw, 355px\" \/><\/a><\/figure>\n<\/div>\n\n\n<h3 class=\"wp-block-heading has-text-align-center has-neve-text-color-color has-text-color\">Kontakt<\/h3>\n\n\n\n<p class=\"has-text-align-center\">Fragen oder Interesse an einer Zusammenarbeit<\/p>\n\n\n\n<div style=\"height:20px\" aria-hidden=\"true\" class=\"wp-block-spacer\"><\/div>\n<\/div>\n<\/div>\n\n\n\n<div class=\"wp-block-cover aligncenter is-light has-parallax is-repeated has-custom-content-position is-position-top-left has-neve-link-color-color has-text-color has-link-color wp-elements-5eab135e045aa8a9f4e8d37890ef8ffd wp-duotone-unset-4\"><div role=\"img\" aria-label=\"Fotocredit: Johannes Zinner\" class=\"wp-block-cover__image-background wp-image-487 size-full has-parallax is-repeated\" style=\"background-position:96% 39%;background-image:url(https:\/\/melike-yagiz-baxant.net\/wp-content\/uploads\/2025\/12\/IMG_1288-scaled.jpg)\"><\/div><span aria-hidden=\"true\" class=\"wp-block-cover__background has-neve-text-color-background-color has-background-dim-10 has-background-dim\"><\/span><div class=\"wp-block-cover__inner-container is-layout-flow wp-block-cover-is-layout-flow\">\n<div class=\"wp-block-columns is-layout-flex wp-container-core-columns-is-layout-d735db0d wp-block-columns-is-layout-flex\" style=\"border-style:none;border-width:0px;padding-top:0;padding-right:0;padding-bottom:0;padding-left:0\">\n<div class=\"wp-block-column is-vertically-aligned-top is-layout-flow wp-block-column-is-layout-flow\" style=\"padding-right:var(--wp--preset--spacing--20);padding-left:var(--wp--preset--spacing--20);flex-basis:70%\">\n<h1 class=\"wp-block-heading has-text-align-left has-nv-site-bg-color has-text-color has-x-large-font-size\" style=\"border-radius:0px;padding-top:0;padding-right:var(--wp--preset--spacing--30);padding-bottom:0;padding-left:var(--wp--preset--spacing--30)\">Performerin <\/h1>\n\n\n\n<h1 class=\"wp-block-heading has-text-align-left has-nv-site-bg-color has-text-color has-x-large-font-size\" style=\"border-radius:0px;padding-top:0;padding-right:var(--wp--preset--spacing--30);padding-bottom:0;padding-left:var(--wp--preset--spacing--30)\">Filmemacherin <\/h1>\n\n\n\n<h2 class=\"wp-block-heading has-text-align-left has-nv-site-bg-color has-text-color\" style=\"border-radius:0px;padding-top:0;padding-right:var(--wp--preset--spacing--30);padding-bottom:0;padding-left:var(--wp--preset--spacing--30)\">Kunsttherapeutin<\/h2>\n\n\n\n<div style=\"height:10px\" aria-hidden=\"true\" class=\"wp-block-spacer\"><\/div>\n\n\n\n<div class=\"wp-block-buttons is-horizontal is-content-justification-left is-layout-flex wp-container-core-buttons-is-layout-a6ef22a8 wp-block-buttons-is-layout-flex\" style=\"padding-right:var(--wp--preset--spacing--50);padding-left:var(--wp--preset--spacing--50)\">\n<div class=\"wp-block-button is-style-primary\"><a class=\"wp-block-button__link has-nv-dark-bg-color has-text-color has-background has-link-color wp-element-button\" href=\"https:\/\/melike-yagiz-baxant.net\/?page_id=63\" style=\"background-color:#ffffff\">Projekte<\/a><\/div>\n\n\n\n<div class=\"wp-block-button is-style-secondary\"><a class=\"wp-block-button__link has-nv-text-dark-bg-color has-text-color has-link-color wp-element-button\" href=\"https:\/\/melike-yagiz-baxant.net\/?page_id=64\">Kontakt<\/a><\/div>\n<\/div>\n\n\n\n<div style=\"height:10px\" aria-hidden=\"true\" class=\"wp-block-spacer\"><\/div>\n\n\n\n<p class=\"has-text-align-left has-nv-text-dark-bg-color has-text-color\" style=\"border-radius:10px;padding-right:var(--wp--preset--spacing--50);padding-left:var(--wp--preset--spacing--50);font-size:17px\">Die als Performerin und Autorin ausgezeichnete K\u00fcnstlerin <strong>Melike Ya\u011f\u0131z-Baxant<\/strong> vereint in ihrer Arbeit Performance, Literatur und Filmproduktion und sprengt die Grenzen der Kunst und des Erz\u00e4hlens. Ihr Hintergrund als Kunsttherapeutin flie\u00dft in ihre k\u00fcnstlerische Arbeit und Workshopt\u00e4tigkeit mit ein.<\/p>\n\n\n\n<div style=\"height:100px\" aria-hidden=\"true\" class=\"wp-block-spacer\"><\/div>\n<\/div>\n\n\n\n<div class=\"wp-block-column is-layout-flow wp-block-column-is-layout-flow\" style=\"flex-basis:60%\"><\/div>\n<\/div>\n<\/div><\/div>\n\n\n\n<div class=\"wp-block-cover alignfull\" style=\"min-height:600px;aspect-ratio:unset;\"><span aria-hidden=\"true\" class=\"wp-block-cover__background has-nv-light-bg-background-color has-background-dim-80 has-background-dim\"><\/span><div class=\"wp-block-cover__inner-container is-layout-flow wp-block-cover-is-layout-flow\">\n<div class=\"wp-block-group\"><div class=\"wp-block-group__inner-container is-layout-flow wp-block-group-is-layout-flow\">\n<div style=\"height:80px\" aria-hidden=\"true\" class=\"wp-block-spacer\"><\/div>\n\n\n\n<div class=\"wp-block-columns is-layout-flex wp-container-core-columns-is-layout-9d6595d7 wp-block-columns-is-layout-flex\">\n<div class=\"wp-block-column is-layout-flow wp-block-column-is-layout-flow\" style=\"padding-right:0;padding-left:0;flex-basis:20%\">\n<div class=\"wp-block-group is-vertical is-content-justification-center is-layout-flex wp-container-core-group-is-layout-4b2eccd6 wp-block-group-is-layout-flex\"><\/div>\n<\/div>\n\n\n\n<div class=\"wp-block-column is-layout-flow wp-block-column-is-layout-flow\" style=\"flex-basis:60%\">\n<div class=\"wp-block-group is-vertical is-content-justification-center is-layout-flex wp-container-core-group-is-layout-4b2eccd6 wp-block-group-is-layout-flex\">\n<h2 class=\"wp-block-heading has-text-align-center has-neve-text-color-color has-text-color has-link-color wp-elements-4ce8e7ae9b43a97ea03ca801f7f8221a\">Projekte<\/h2>\n\n\n\n<p class=\"has-text-align-center has-neve-text-color-color has-text-color has-link-color wp-elements-afb851f574ed20cab4e7f6f3946c77c6\">Aktuelle und vergangene Projekte<\/p>\n\n\n\n<div style=\"height:0px\" aria-hidden=\"true\" class=\"wp-block-spacer wp-container-content-541a6b20\"><\/div>\n<\/div>\n<\/div>\n\n\n\n<div class=\"wp-block-column is-layout-flow wp-block-column-is-layout-flow\" style=\"flex-basis:20%\">\n<div class=\"wp-block-group is-vertical is-content-justification-center is-layout-flex wp-container-core-group-is-layout-4b2eccd6 wp-block-group-is-layout-flex\"><\/div>\n<\/div>\n<\/div>\n\n\n\n<div class=\"wp-block-columns is-layout-flex wp-container-core-columns-is-layout-9d6595d7 wp-block-columns-is-layout-flex\">\n<div class=\"wp-block-column is-vertically-aligned-top is-layout-flow wp-block-column-is-layout-flow\" style=\"padding-right:var(--wp--preset--spacing--30);padding-left:var(--wp--preset--spacing--30);flex-basis:33%\">\n<figure class=\"wp-block-image size-full has-custom-border is-style-rounded\"><a href=\"https:\/\/melike-yagiz-baxant.net\/?p=403\"><img loading=\"lazy\" decoding=\"async\" width=\"860\" height=\"860\" src=\"https:\/\/melike-yagiz-baxant.net\/wp-content\/uploads\/2024\/12\/glueckskind128-c-Barbara-Palffy-1-e1735597146354.jpg\" alt=\"\" class=\"wp-image-127\" style=\"border-radius:16px;aspect-ratio:1;object-fit:cover\" srcset=\"https:\/\/melike-yagiz-baxant.net\/wp-content\/uploads\/2024\/12\/glueckskind128-c-Barbara-Palffy-1-e1735597146354.jpg 860w, https:\/\/melike-yagiz-baxant.net\/wp-content\/uploads\/2024\/12\/glueckskind128-c-Barbara-Palffy-1-e1735597146354-300x300.jpg 300w, https:\/\/melike-yagiz-baxant.net\/wp-content\/uploads\/2024\/12\/glueckskind128-c-Barbara-Palffy-1-e1735597146354-150x150.jpg 150w, https:\/\/melike-yagiz-baxant.net\/wp-content\/uploads\/2024\/12\/glueckskind128-c-Barbara-Palffy-1-e1735597146354-768x768.jpg 768w\" sizes=\"auto, (max-width: 860px) 100vw, 860px\" \/><\/a><figcaption class=\"wp-element-caption\">\u00a9 Barbara P\u00e1lffy<\/figcaption><\/figure>\n\n\n\n<h3 class=\"wp-block-heading has-text-align-center has-neve-text-color-color has-text-color\"><a href=\"https:\/\/melike-yagiz-baxant.net\/?p=403\" data-type=\"post\" data-id=\"403\">GL\u00dcCKSKIND<\/a><\/h3>\n\n\n\n<p class=\"has-text-align-center\">eine Koproduktion mit Theater Drachengasse<\/p>\n\n\n\n<div style=\"height:40px\" aria-hidden=\"true\" class=\"wp-block-spacer\"><\/div>\n<\/div>\n\n\n\n<div class=\"wp-block-column is-layout-flow wp-block-column-is-layout-flow\" style=\"flex-basis:33%\">\n<figure class=\"wp-block-image size-full has-custom-border is-style-rounded\"><a href=\"https:\/\/melike-yagiz-baxant.net\/?p=370\"><img decoding=\"async\" src=\"https:\/\/melike-yagiz-baxant.net\/wp-content\/uploads\/2025\/09\/2025-08-27-keyfotos-klinik_BP-95-scaled.jpg\" alt=\"\" class=\"wp-image-388\" style=\"border-radius:16px;aspect-ratio:1;object-fit:cover\"\/><\/a><figcaption class=\"wp-element-caption\">\u00a9 Barbara P\u00e1lffy<\/figcaption><\/figure>\n\n\n\n<h3 class=\"wp-block-heading has-text-align-center\"><a href=\"https:\/\/melike-yagiz-baxant.net\/?p=370\" data-type=\"post\" data-id=\"370\">KLINIK<\/a><\/h3>\n\n\n\n<p class=\"has-text-align-center\">Eine Koproduktion mit Theater Drachengasse<\/p>\n\n\n\n<p class=\"has-text-align-center has-neve-link-color-color has-text-color has-link-color wp-elements-4c33fad2d3c9f772cccf60b35b40e2c5\">Premiere am 10. November 2025<\/p>\n<\/div>\n\n\n\n<div class=\"wp-block-column is-vertically-aligned-top is-layout-flow wp-block-column-is-layout-flow\" style=\"padding-right:var(--wp--preset--spacing--30);padding-left:var(--wp--preset--spacing--30);flex-basis:33%\">\n<figure class=\"wp-block-image size-full has-custom-border\"><a href=\"https:\/\/melike-yagiz-baxant.net\/?page_id=66\"><img loading=\"lazy\" decoding=\"async\" width=\"1440\" height=\"1440\" src=\"https:\/\/melike-yagiz-baxant.net\/wp-content\/uploads\/2025\/07\/Bildschirmfoto-2025-07-25-um-15.16.53-e1753554853107.png\" alt=\"\" class=\"wp-image-277\" style=\"border-radius:16px;aspect-ratio:1;object-fit:contain\" srcset=\"https:\/\/melike-yagiz-baxant.net\/wp-content\/uploads\/2025\/07\/Bildschirmfoto-2025-07-25-um-15.16.53-e1753554853107.png 1440w, https:\/\/melike-yagiz-baxant.net\/wp-content\/uploads\/2025\/07\/Bildschirmfoto-2025-07-25-um-15.16.53-e1753554853107-300x300.png 300w, https:\/\/melike-yagiz-baxant.net\/wp-content\/uploads\/2025\/07\/Bildschirmfoto-2025-07-25-um-15.16.53-e1753554853107-1024x1024.png 1024w, https:\/\/melike-yagiz-baxant.net\/wp-content\/uploads\/2025\/07\/Bildschirmfoto-2025-07-25-um-15.16.53-e1753554853107-150x150.png 150w, https:\/\/melike-yagiz-baxant.net\/wp-content\/uploads\/2025\/07\/Bildschirmfoto-2025-07-25-um-15.16.53-e1753554853107-768x768.png 768w\" sizes=\"auto, (max-width: 1440px) 100vw, 1440px\" \/><\/a><figcaption class=\"wp-element-caption\">Filmstill GL\u00dcCKSKINDER<\/figcaption><\/figure>\n\n\n\n<h3 class=\"wp-block-heading has-text-align-center has-neve-text-color-color has-text-color\"><a href=\"https:\/\/melike-yagiz-baxant.net\/?page_id=66\" data-type=\"page\" data-id=\"66\">GL\u00dcCKSKINDER<\/a><\/h3>\n\n\n\n<p class=\"has-text-align-center\">ein Kooperation mit diverCITYLAB <br>und der Sir Karl Popper Mittelschule im Rahmen von KUNST IST KLASSE<\/p>\n\n\n\n<p class=\"has-text-align-center has-neve-link-color-color has-text-color has-link-color wp-elements-952f03b4c4ae1c559f0e3f943d3422e2\">Screening am 28. und 29. September 2025<\/p>\n\n\n\n<div style=\"height:40px\" aria-hidden=\"true\" class=\"wp-block-spacer\"><\/div>\n<\/div>\n<\/div>\n<\/div><\/div>\n<\/div><\/div>\n\n\n\n<div class=\"wp-block-cover alignfull has-nv-text-dark-bg-color has-text-color has-link-color wp-elements-89be37eb5f1c22c064ef7ff1d46193f2\" style=\"border-style:none;border-width:0px;padding-top:var(--wp--preset--spacing--30);padding-right:var(--wp--preset--spacing--30);padding-bottom:var(--wp--preset--spacing--30);padding-left:var(--wp--preset--spacing--30);min-height:420px;aspect-ratio:unset;\"><span aria-hidden=\"true\" class=\"wp-block-cover__background has-nv-c-1-background-color has-background-dim-60 has-background-dim\"><\/span><div class=\"wp-block-cover__inner-container is-layout-flow wp-block-cover-is-layout-flow\">\n<div class=\"wp-block-columns is-layout-flex wp-container-core-columns-is-layout-9d6595d7 wp-block-columns-is-layout-flex\">\n<div class=\"wp-block-column ticss-4ce656f1 is-layout-flow wp-block-column-is-layout-flow\">\n<div style=\"height:24px\" aria-hidden=\"true\" class=\"wp-block-spacer\"><\/div>\n\n\n\n<p class=\"has-text-align-center has-neve-link-color-color has-text-color has-link-color wp-elements-008e42f5f2c76cdfc6b440a1ff1d8d2d\">\u201c\u201eTemporeich und mit viel Witz erz\u00e4hlt die Autorin Melike Yagiz-Baxant in ihrem Text \u201aEin K\u00fcnstlerischer Therapie Abend\u2018 vom Werdegang einer jungen Migrantin aus der T\u00fcrkei. Mit leichter Hand schl\u00e4gt die Ich-Erz\u00e4hlerin Melike einen gro\u00dfen zeitlichen Bogen von ihrer Kindheit bis zu ihrer gegenw\u00e4rtigen Situation als arbeitslose Schauspielerin in \u00d6sterreich in Zeiten einer Pandemie.\u201c<\/p>\n\n\n\n<p class=\"has-text-align-center has-nv-text-dark-bg-color has-text-color has-small-font-size\" style=\"text-transform:uppercase\"><strong>JURY-Begr\u00fcndung des EXIL LITERATUR PREISES<\/strong><\/p>\n\n\n\n<div style=\"height:20px\" aria-hidden=\"true\" class=\"wp-block-spacer\"><\/div>\n<\/div>\n\n\n\n<div class=\"wp-block-column ticss-f6fc7494 is-layout-flow wp-block-column-is-layout-flow\">\n<div style=\"height:24px\" aria-hidden=\"true\" class=\"wp-block-spacer\"><\/div>\n\n\n\n<p class=\"has-text-align-center has-neve-link-color-color has-text-color\">\u201cGl\u00fcckskind was chosen for our best Physical Theatre award because of the commitment and talent of the performer and the strength of their storytelling. One of the goals of United Solo is to present our audiences with many different ways a story can be told. This show is a powerful example of what happens when you combine words and movement to create a theatrical piece that reaches across borders and into the audience\u2019s heart.\u201d<\/p>\n\n\n\n<p class=\"has-text-align-center has-nv-text-dark-bg-color has-text-color has-small-font-size\" style=\"text-transform:uppercase\"><strong>JURY-BEGR\u00dcNDUNG DES UNITED SOLO THEATRE FESTIVALS<\/strong><\/p>\n\n\n\n<div style=\"height:20px\" aria-hidden=\"true\" class=\"wp-block-spacer\"><\/div>\n<\/div>\n\n\n\n<div class=\"wp-block-column ticss-a5b4df29 is-layout-flow wp-block-column-is-layout-flow\">\n<div style=\"height:24px\" aria-hidden=\"true\" class=\"wp-block-spacer\"><\/div>\n\n\n\n<p class=\"has-text-align-center has-neve-link-color-color has-text-color\">\u201cWelch komisches Talent \u2026! Ya\u011f\u0131z-Baxants Geschichten in \u201eGl\u00fcckskind\u201c sind nicht immer zum Lachen, aber sie bringt sie mit einzigartiger Mimik und Gestik vor. Ihr Timing passt in keine bekannte Schublade. Eine Entdeckung.\u201d<\/p>\n\n\n\n<p class=\"has-text-align-center has-nv-text-dark-bg-color has-text-color has-small-font-size\" style=\"text-transform:uppercase\"><strong>MARTIN PESL, FALTER<\/strong><\/p>\n\n\n\n<div style=\"height:20px\" aria-hidden=\"true\" class=\"wp-block-spacer\"><\/div>\n<\/div>\n<\/div>\n\n\n\n<div style=\"height:0px\" aria-hidden=\"true\" class=\"wp-block-spacer\"><\/div>\n<\/div><\/div>\n\n\n\n<div class=\"wp-block-cover alignfull\" style=\"min-height:300px;aspect-ratio:unset;\"><span aria-hidden=\"true\" class=\"wp-block-cover__background has-neve-link-color-background-color has-background-dim-100 has-background-dim\"><\/span><div class=\"wp-block-cover__inner-container is-layout-flow wp-block-cover-is-layout-flow\">\n<div style=\"height:140px\" aria-hidden=\"true\" class=\"wp-block-spacer\"><\/div>\n\n\n\n<div class=\"wp-block-columns is-layout-flex wp-container-core-columns-is-layout-9d6595d7 wp-block-columns-is-layout-flex\">\n<div class=\"wp-block-column is-layout-flow wp-block-column-is-layout-flow\" style=\"flex-basis:20%\"><\/div>\n\n\n\n<div class=\"wp-block-column is-layout-flow wp-block-column-is-layout-flow\" style=\"flex-basis:60%\">\n<div class=\"wp-block-group\"><div class=\"wp-block-group__inner-container is-layout-constrained wp-block-group-is-layout-constrained\">\n<h2 class=\"wp-block-heading has-text-align-center has-nv-text-dark-bg-color has-text-color\">Auf dem Laufenden bleiben<\/h2>\n\n\n\n<p class=\"has-text-align-center has-nv-text-dark-bg-color has-text-color has-link-color wp-elements-51d61c6d0c35c493297ed3e7da25023f\">Abonniere den Newsletter oder folge Melike auf Instagram und verpasse keine Film-Showings, Workshops oder Premieren mehr.<\/p>\n\n\n\n<ul class=\"wp-block-social-links has-icon-color has-icon-background-color is-style-default is-content-justification-center is-layout-flex wp-container-core-social-links-is-layout-16018d1d wp-block-social-links-is-layout-flex\"><li style=\"color:var(--nv-text-dark-bg);background-color:var(--nv-dark-bg);\" class=\"wp-social-link wp-social-link-instagram has-nv-text-dark-bg-color wp-block-social-link\"><a href=\"https:\/\/instagram.com\/yagizzmelike\" class=\"wp-block-social-link-anchor\"><svg width=\"24\" height=\"24\" viewBox=\"0 0 24 24\" version=\"1.1\" xmlns=\"http:\/\/www.w3.org\/2000\/svg\" aria-hidden=\"true\" focusable=\"false\"><path d=\"M12,4.622c2.403,0,2.688,0.009,3.637,0.052c0.877,0.04,1.354,0.187,1.671,0.31c0.42,0.163,0.72,0.358,1.035,0.673 c0.315,0.315,0.51,0.615,0.673,1.035c0.123,0.317,0.27,0.794,0.31,1.671c0.043,0.949,0.052,1.234,0.052,3.637 s-0.009,2.688-0.052,3.637c-0.04,0.877-0.187,1.354-0.31,1.671c-0.163,0.42-0.358,0.72-0.673,1.035 c-0.315,0.315-0.615,0.51-1.035,0.673c-0.317,0.123-0.794,0.27-1.671,0.31c-0.949,0.043-1.233,0.052-3.637,0.052 s-2.688-0.009-3.637-0.052c-0.877-0.04-1.354-0.187-1.671-0.31c-0.42-0.163-0.72-0.358-1.035-0.673 c-0.315-0.315-0.51-0.615-0.673-1.035c-0.123-0.317-0.27-0.794-0.31-1.671C4.631,14.688,4.622,14.403,4.622,12 s0.009-2.688,0.052-3.637c0.04-0.877,0.187-1.354,0.31-1.671c0.163-0.42,0.358-0.72,0.673-1.035 c0.315-0.315,0.615-0.51,1.035-0.673c0.317-0.123,0.794-0.27,1.671-0.31C9.312,4.631,9.597,4.622,12,4.622 M12,3 C9.556,3,9.249,3.01,8.289,3.054C7.331,3.098,6.677,3.25,6.105,3.472C5.513,3.702,5.011,4.01,4.511,4.511 c-0.5,0.5-0.808,1.002-1.038,1.594C3.25,6.677,3.098,7.331,3.054,8.289C3.01,9.249,3,9.556,3,12c0,2.444,0.01,2.751,0.054,3.711 c0.044,0.958,0.196,1.612,0.418,2.185c0.23,0.592,0.538,1.094,1.038,1.594c0.5,0.5,1.002,0.808,1.594,1.038 c0.572,0.222,1.227,0.375,2.185,0.418C9.249,20.99,9.556,21,12,21s2.751-0.01,3.711-0.054c0.958-0.044,1.612-0.196,2.185-0.418 c0.592-0.23,1.094-0.538,1.594-1.038c0.5-0.5,0.808-1.002,1.038-1.594c0.222-0.572,0.375-1.227,0.418-2.185 C20.99,14.751,21,14.444,21,12s-0.01-2.751-0.054-3.711c-0.044-0.958-0.196-1.612-0.418-2.185c-0.23-0.592-0.538-1.094-1.038-1.594 c-0.5-0.5-1.002-0.808-1.594-1.038c-0.572-0.222-1.227-0.375-2.185-0.418C14.751,3.01,14.444,3,12,3L12,3z M12,7.378 c-2.552,0-4.622,2.069-4.622,4.622S9.448,16.622,12,16.622s4.622-2.069,4.622-4.622S14.552,7.378,12,7.378z M12,15 c-1.657,0-3-1.343-3-3s1.343-3,3-3s3,1.343,3,3S13.657,15,12,15z M16.804,6.116c-0.596,0-1.08,0.484-1.08,1.08 s0.484,1.08,1.08,1.08c0.596,0,1.08-0.484,1.08-1.08S17.401,6.116,16.804,6.116z\"><\/path><\/svg><span class=\"wp-block-social-link-label screen-reader-text\">Instagram<\/span><\/a><\/li><\/ul>\n\n\n\n<div class=\"wp-block-buttons is-horizontal is-content-justification-center is-layout-flex wp-container-core-buttons-is-layout-499968f5 wp-block-buttons-is-layout-flex\">\n<div class=\"wp-block-button is-style-primary\"><a class=\"wp-block-button__link has-neve-link-color-color has-text-color has-background has-link-color wp-element-button\" href=\"https:\/\/mailchi.mp\/3d5df764db54\/melike\" style=\"background-color:#ffffff\" target=\"_blank\" rel=\"noreferrer noopener\">Newsletter abonnieren<\/a><\/div>\n<\/div>\n<\/div><\/div>\n<\/div>\n\n\n\n<div class=\"wp-block-column is-layout-flow wp-block-column-is-layout-flow\" style=\"flex-basis:20%\"><\/div>\n<\/div>\n\n\n\n<div style=\"height:140px\" aria-hidden=\"true\" class=\"wp-block-spacer\"><\/div>\n<\/div><\/div>\n\n\n\n<p><\/p>\n","protected":false},"excerpt":{"rendered":"<p>Film Filmschaffen auf Deutsch und T\u00fcrkisch Performance Solo-Performance GL\u00dcCKSKIND Kunsttherapie Aktuell: Gl\u00fcckskinder gesucht! Kontakt Fragen oder Interesse an einer Zusammenarbeit<\/p>\n","protected":false},"author":1,"featured_media":486,"parent":0,"menu_order":0,"comment_status":"closed","ping_status":"closed","template":"","meta":{"neve_meta_sidebar":"","neve_meta_container":"","neve_meta_enable_content_width":"on","neve_meta_content_width":100,"neve_meta_title_alignment":"","neve_meta_author_avatar":"","neve_post_elements_order":"","neve_meta_disable_header":"","neve_meta_disable_footer":"","neve_meta_disable_title":"on","_themeisle_gutenberg_block_has_review":false,"footnotes":""},"class_list":["post-62","page","type-page","status-publish","has-post-thumbnail","hentry"],"_links":{"self":[{"href":"https:\/\/melike-yagiz-baxant.net\/index.php?rest_route=\/wp\/v2\/pages\/62","targetHints":{"allow":["GET"]}}],"collection":[{"href":"https:\/\/melike-yagiz-baxant.net\/index.php?rest_route=\/wp\/v2\/pages"}],"about":[{"href":"https:\/\/melike-yagiz-baxant.net\/index.php?rest_route=\/wp\/v2\/types\/page"}],"author":[{"embeddable":true,"href":"https:\/\/melike-yagiz-baxant.net\/index.php?rest_route=\/wp\/v2\/users\/1"}],"replies":[{"embeddable":true,"href":"https:\/\/melike-yagiz-baxant.net\/index.php?rest_route=%2Fwp%2Fv2%2Fcomments&post=62"}],"version-history":[{"count":60,"href":"https:\/\/melike-yagiz-baxant.net\/index.php?rest_route=\/wp\/v2\/pages\/62\/revisions"}],"predecessor-version":[{"id":504,"href":"https:\/\/melike-yagiz-baxant.net\/index.php?rest_route=\/wp\/v2\/pages\/62\/revisions\/504"}],"wp:featuredmedia":[{"embeddable":true,"href":"https:\/\/melike-yagiz-baxant.net\/index.php?rest_route=\/wp\/v2\/media\/486"}],"wp:attachment":[{"href":"https:\/\/melike-yagiz-baxant.net\/index.php?rest_route=%2Fwp%2Fv2%2Fmedia&parent=62"}],"curies":[{"name":"wp","href":"https:\/\/api.w.org\/{rel}","templated":true}]}}